{"id":33,"date":"2024-01-03T11:09:03","date_gmt":"2024-01-03T11:09:03","guid":{"rendered":"http:\/\/192.168.0.130:10046\/?page_id=33"},"modified":"2024-05-27T08:11:15","modified_gmt":"2024-05-27T11:11:15","slug":"contact-2","status":"publish","type":"page","link":"https:\/\/nisusmetals.com.br\/index.php\/contact-2\/","title":{"rendered":"Contato"},"content":{"rendered":"\t\t<div data-elementor-type=\"wp-page\" data-elementor-id=\"33\" class=\"elementor elementor-33\">\n\t\t\t\t\r\n\t\t<div class=\"default no-position show_shadow rs-sticky-default elementor-element elementor-element-78bede4 e-flex e-con-boxed e-con e-parent\" data-id=\"78bede4\" data-element_type=\"container\">\n\t\t\t\t\t<div class=\"e-con-inner\">\n\t\t\r\n\t\t\t\t<div class=\"elementor-element elementor-element-24b21e9 elementor-widget elementor-widget-rs-heading\" data-id=\"24b21e9\" data-element_type=\"widget\" data-widget_type=\"rs-heading.default\">\n\t\t\t\t<div class=\"elementor-widget-container\">\n\t\t\t\n\t\t<div class=\"prelements-heading style1  center\">\n\t\t\t<div class=\"title-inner\">\n\t\t\t\t\t\t\t\t\t<span class=\"sub-text\">\n\t\t\t\t\t\t\t\t\t\t\t\tFale conosco\t\t\t\t\t<\/span>\n\t\t\t\t<h2 class=\"title rs-split-text-disable \">Contato<\/h2>\n\t\t\t<\/div>\n\t\t\t\t\t\t\t<div class=\"description\">\n\t\t\t\t\t<p>Como posso ajudar? Para enviar sua mensagem, por favor, preencha os campos abaixo. Aten\u00e7\u00e3o! Campos marcados com * s\u00e3o requeridos.<\/p>\t\t\t\t<\/div>\n\t\t\t\t\t<\/div>\n\t\t<\/div>\n\t\t\t\t<\/div>\n\t\t\r\n\t\t\t\t<div class=\"elementor-element elementor-element-086660e elementor-widget elementor-widget-rs-hotspot\" data-id=\"086660e\" data-element_type=\"widget\" data-widget_type=\"rs-hotspot.default\">\n\t\t\t\t<div class=\"elementor-widget-container\">\n\t\t\t        <div class=\"rs-hotspots\">\n                            <img decoding=\"async\" src=\"https:\/\/industrie.rstheme.com\/construction\/wp-content\/uploads\/2024\/02\/location-map.png\" alt=\"image\">\n                        \n                <div class=\"desktop_item elementor-repeater-item-16fc938\">\n                \t<div class=\"rs-hotspot-item hotspot__1\">\n                \t    <div  class=\"rs-hots-figure\">                            \n                                                        \n                                                                    <div class=\"pre-title\">\n                                        <h4 class=\"title\"> Bol\u00edvia <\/h4>                                    \n                                    <\/div>\n                                                            \n                \t        <!-- Start Description -->\n                                                \t                    \t            \n                \t                <div class=\"hotspot-desc\">\n                \t                    <p class=\"description\"> Torre Ametrino:\n\nAv Ballivian # 526 entre calle 11 y 12 , piso 11, c1102 - Barrio Calacoto\u00a0-\u00a0Bol\u00edvia<\/p>\n                \t                <\/div>            \t            \n                    \t                                                    \t        <!-- End Description -->\n                \t    <\/div>\n                        <div class=\"pre-circle-ripple\"><\/div>\n                \t<\/div>\n                <\/div>\n                \n                <div class=\"mobile_item elementor-repeater-item-16fc938\">\n                    <i class=\"remove-icon ri-close-line\"><\/i>\n                                                \n                                                    <div class=\"pre-title\">\n                                <h4 class=\"title\"> Bol\u00edvia <\/h4>                                    \n                            <\/div>\n                                                                                                    \t            \n                            <div class=\"hotspot-desc\">\n                                <p class=\"description\"> Torre Ametrino:\n\nAv Ballivian # 526 entre calle 11 y 12 , piso 11, c1102 - Barrio Calacoto\u00a0-\u00a0Bol\u00edvia<\/p>\n                            <\/div>            \t            \n                                                            <\/div>\n            \n                <div class=\"desktop_item elementor-repeater-item-bf539ad\">\n                \t<div class=\"rs-hotspot-item hotspot__2\">\n                \t    <div  class=\"rs-hots-figure\">                            \n                                                        \n                                                                    <div class=\"pre-title\">\n                                        <h4 class=\"title\"> S\u00e3o Paulo <\/h4>                                    \n                                    <\/div>\n                                                            \n                \t        <!-- Start Description -->\n                                                \t                    \t            \n                \t                <div class=\"hotspot-desc\">\n                \t                    <p class=\"description\"> Rua Volunt\u00e1rios da P\u00e1tria, 2.041 Conj. 605 \u2013 Santana \u2013 CEP 02011-500\nS\u00e3o Paulo \u2013 SP \u2013 Brasil<\/p>\n                \t                <\/div>            \t            \n                    \t                                                    \t        <!-- End Description -->\n                \t    <\/div>\n                        <div class=\"pre-circle-ripple\"><\/div>\n                \t<\/div>\n                <\/div>\n                \n                <div class=\"mobile_item elementor-repeater-item-bf539ad\">\n                    <i class=\"remove-icon ri-close-line\"><\/i>\n                                                \n                                                    <div class=\"pre-title\">\n                                <h4 class=\"title\"> S\u00e3o Paulo <\/h4>                                    \n                            <\/div>\n                                                                                                    \t            \n                            <div class=\"hotspot-desc\">\n                                <p class=\"description\"> Rua Volunt\u00e1rios da P\u00e1tria, 2.041 Conj. 605 \u2013 Santana \u2013 CEP 02011-500\nS\u00e3o Paulo \u2013 SP \u2013 Brasil<\/p>\n                            <\/div>            \t            \n                                                            <\/div>\n             \n        <\/div>\n\n        <script>\n            jQuery(document).ready(function() {\n                jQuery('.desktop_item').each(function(index) {\n                    var uniqueClass = 'desktop_item-' + index;\n                    jQuery(this).addClass(uniqueClass);\n                    var parentHotspots = jQuery(this).closest('.rs-hotspots');\n                    var targetMobileItem = parentHotspots.find('.mobile_item').eq(index);\n                    jQuery(this).click(function() {\n                        if (targetMobileItem.hasClass('active')) {\n                            targetMobileItem.removeClass('active');\n                        } else {\n                            parentHotspots.find('.mobile_item.active').removeClass('active');\n                            targetMobileItem.addClass('active');\n                        }\n                    });\n                    parentHotspots.on('click', '.remove-icon', function(event) {\n                        event.stopPropagation();\n                        targetMobileItem.removeClass('active');\n                    });\n                });\n\n                \/\/ Ripple Class Switching\n                var switches = jQuery('.rs-hotspots .desktop_item');\n                var currentIndex = 0;\n                var interval;\n                var speed = 1500;\n\n                function startRotation() {\n                    interval = setInterval(function() {\n                        switches.eq(currentIndex).removeClass('ripple');\n                        currentIndex = (currentIndex + 1) % switches.length;\n                        switches.eq(currentIndex).addClass('ripple');\n                    }, speed);\n                }\n                function stopRotation() {\n                    clearInterval(interval);\n                    switches.eq(currentIndex).removeClass('ripple');\n                }\n                startRotation();\n                switches.hover(\n                    function() {\n                        stopRotation();\n                    },\n                    function() {\n                        startRotation();\n                    }\n                );\n            });\n        <\/script>\n\n\n    \t\t<\/div>\n\t\t\t\t<\/div>\n\t\t\t\t\t<\/div>\n\t\t\t\t<\/div>\n\t\t\r\n\t\t<div class=\"default no-position show_shadow rs-sticky-default elementor-element elementor-element-3d99464 e-grid e-con-boxed e-con e-parent\" data-id=\"3d99464\" data-element_type=\"container\">\n\t\t\t\t\t<div class=\"e-con-inner\">\n\t\t\r\n\t\t\t\t<div class=\"elementor-element elementor-element-736e01d elementor-view-default elementor-position-top elementor-mobile-position-top elementor-widget elementor-widget-icon-box\" data-id=\"736e01d\" data-element_type=\"widget\" data-widget_type=\"icon-box.default\">\n\t\t\t\t<div class=\"elementor-widget-container\">\n\t\t\t<link rel=\"stylesheet\" href=\"https:\/\/nisusmetals.com.br\/wp-content\/plugins\/elementor\/assets\/css\/widget-icon-box.min.css\">\t\t<div class=\"elementor-icon-box-wrapper\">\n\n\t\t\t\t\t\t<div class=\"elementor-icon-box-icon\">\n\t\t\t\t<span  class=\"elementor-icon elementor-animation-\">\n\t\t\t\t<svg aria-hidden=\"true\" class=\"e-font-icon-svg e-fas-mail-bulk\" viewBox=\"0 0 576 512\" xmlns=\"http:\/\/www.w3.org\/2000\/svg\"><path d=\"M160 448c-25.6 0-51.2-22.4-64-32-64-44.8-83.2-60.8-96-70.4V480c0 17.67 14.33 32 32 32h256c17.67 0 32-14.33 32-32V345.6c-12.8 9.6-32 25.6-96 70.4-12.8 9.6-38.4 32-64 32zm128-192H32c-17.67 0-32 14.33-32 32v16c25.6 19.2 22.4 19.2 115.2 86.4 9.6 6.4 28.8 25.6 44.8 25.6s35.2-19.2 44.8-22.4c92.8-67.2 89.6-67.2 115.2-86.4V288c0-17.67-14.33-32-32-32zm256-96H224c-17.67 0-32 14.33-32 32v32h96c33.21 0 60.59 25.42 63.71 57.82l.29-.22V416h192c17.67 0 32-14.33 32-32V192c0-17.67-14.33-32-32-32zm-32 128h-64v-64h64v64zm-352-96c0-35.29 28.71-64 64-64h224V32c0-17.67-14.33-32-32-32H96C78.33 0 64 14.33 64 32v192h96v-32z\"><\/path><\/svg>\t\t\t\t<\/span>\n\t\t\t<\/div>\n\t\t\t\n\t\t\t\t\t\t<div class=\"elementor-icon-box-content\">\n\n\t\t\t\t\t\t\t\t\t<h3 class=\"elementor-icon-box-title\">\n\t\t\t\t\t\t<span  >\n\t\t\t\t\t\t\tE-mail\t\t\t\t\t\t<\/span>\n\t\t\t\t\t<\/h3>\n\t\t\t\t\n\t\t\t\t\t\t\t\t\t<p class=\"elementor-icon-box-description\">\n\t\t\t\t\t\tcomercial@nisusmetals\n.com.br\n\t\t\t\t\t<\/p>\n\t\t\t\t\n\t\t\t<\/div>\n\t\t\t\n\t\t<\/div>\n\t\t\t\t<\/div>\n\t\t\t\t<\/div>\n\t\t\r\n\t\t\t\t<div class=\"elementor-element elementor-element-236a8c6 elementor-view-default elementor-position-top elementor-mobile-position-top elementor-widget elementor-widget-icon-box\" data-id=\"236a8c6\" data-element_type=\"widget\" data-widget_type=\"icon-box.default\">\n\t\t\t\t<div class=\"elementor-widget-container\">\n\t\t\t\t\t<div class=\"elementor-icon-box-wrapper\">\n\n\t\t\t\t\t\t<div class=\"elementor-icon-box-icon\">\n\t\t\t\t<span  class=\"elementor-icon elementor-animation-\">\n\t\t\t\t<svg aria-hidden=\"true\" class=\"e-font-icon-svg e-far-clock\" viewBox=\"0 0 512 512\" xmlns=\"http:\/\/www.w3.org\/2000\/svg\"><path d=\"M256 8C119 8 8 119 8 256s111 248 248 248 248-111 248-248S393 8 256 8zm0 448c-110.5 0-200-89.5-200-200S145.5 56 256 56s200 89.5 200 200-89.5 200-200 200zm61.8-104.4l-84.9-61.7c-3.1-2.3-4.9-5.9-4.9-9.7V116c0-6.6 5.4-12 12-12h32c6.6 0 12 5.4 12 12v141.7l66.8 48.6c5.4 3.9 6.5 11.4 2.6 16.8L334.6 349c-3.9 5.3-11.4 6.5-16.8 2.6z\"><\/path><\/svg>\t\t\t\t<\/span>\n\t\t\t<\/div>\n\t\t\t\n\t\t\t\t\t\t<div class=\"elementor-icon-box-content\">\n\n\t\t\t\t\t\t\t\t\t<h3 class=\"elementor-icon-box-title\">\n\t\t\t\t\t\t<span  >\n\t\t\t\t\t\t\tFuncionamento\t\t\t\t\t\t<\/span>\n\t\t\t\t\t<\/h3>\n\t\t\t\t\n\t\t\t\t\t\t\t\t\t<p class=\"elementor-icon-box-description\">\n\t\t\t\t\t\tsegunda a sexta-feira, das 8h \u00e0s 18h\t\t\t\t\t<\/p>\n\t\t\t\t\n\t\t\t<\/div>\n\t\t\t\n\t\t<\/div>\n\t\t\t\t<\/div>\n\t\t\t\t<\/div>\n\t\t\r\n\t\t\t\t<div class=\"elementor-element elementor-element-e2d645f elementor-view-default elementor-position-top elementor-mobile-position-top elementor-widget elementor-widget-icon-box\" data-id=\"e2d645f\" data-element_type=\"widget\" data-widget_type=\"icon-box.default\">\n\t\t\t\t<div class=\"elementor-widget-container\">\n\t\t\t\t\t<div class=\"elementor-icon-box-wrapper\">\n\n\t\t\t\t\t\t<div class=\"elementor-icon-box-icon\">\n\t\t\t\t<span  class=\"elementor-icon elementor-animation-\">\n\t\t\t\t<svg aria-hidden=\"true\" class=\"e-font-icon-svg e-fas-phone-alt\" viewBox=\"0 0 512 512\" xmlns=\"http:\/\/www.w3.org\/2000\/svg\"><path d=\"M497.39 361.8l-112-48a24 24 0 0 0-28 6.9l-49.6 60.6A370.66 370.66 0 0 1 130.6 204.11l60.6-49.6a23.94 23.94 0 0 0 6.9-28l-48-112A24.16 24.16 0 0 0 122.6.61l-104 24A24 24 0 0 0 0 48c0 256.5 207.9 464 464 464a24 24 0 0 0 23.4-18.6l24-104a24.29 24.29 0 0 0-14.01-27.6z\"><\/path><\/svg>\t\t\t\t<\/span>\n\t\t\t<\/div>\n\t\t\t\n\t\t\t\t\t\t<div class=\"elementor-icon-box-content\">\n\n\t\t\t\t\t\t\t\t\t<h3 class=\"elementor-icon-box-title\">\n\t\t\t\t\t\t<span  >\n\t\t\t\t\t\t\tTelefone\t\t\t\t\t\t<\/span>\n\t\t\t\t\t<\/h3>\n\t\t\t\t\n\t\t\t\t\t\t\t\t\t<p class=\"elementor-icon-box-description\">\n\t\t\t\t\t\t<a href=\"tel:971551579261\">+ 5 5 ( 1 1 ) 2 9 5 0 - 0 3 4 4<\/a><br\/>\n<a href=\"tel:971551579261\">+ 5 5 ( 1 1 ) 9 7 2 0 8 - 8 0 2 7<\/a>\t\t\t\t\t<\/p>\n\t\t\t\t\n\t\t\t<\/div>\n\t\t\t\n\t\t<\/div>\n\t\t\t\t<\/div>\n\t\t\t\t<\/div>\n\t\t\t\t\t<\/div>\n\t\t\t\t<\/div>\n\t\t\r\n\t\t<div class=\"default no-position show_shadow rs-sticky-default elementor-element elementor-element-ccf4751 e-flex e-con-boxed e-con e-parent\" data-id=\"ccf4751\" data-element_type=\"container\">\n\t\t\t\t\t<div class=\"e-con-inner\">\n\t\t\t\t\t<\/div>\n\t\t\t\t<\/div>\n\t\t\r\n\t\t<div class=\"default no-position show_shadow rs-sticky-default elementor-element elementor-element-b289e2c e-flex e-con-boxed e-con e-parent\" data-id=\"b289e2c\" data-element_type=\"container\">\n\t\t\t\t\t<div class=\"e-con-inner\">\n\t\t\r\n\t\t<div class=\"default no-position show_shadow rs-sticky-default elementor-element elementor-element-a12073c e-flex e-con-boxed e-con e-child\" data-id=\"a12073c\" data-element_type=\"container\" data-settings=\"{&quot;background_background&quot;:&quot;classic&quot;}\">\n\t\t\t\t\t<div class=\"e-con-inner\">\n\t\t\r\n\t\t\t\t<div class=\"elementor-element elementor-element-0f44b66 elementor-widget__width-initial elementor-widget-mobile__width-inherit elementor-widget elementor-widget-rs-heading\" data-id=\"0f44b66\" data-element_type=\"widget\" data-widget_type=\"rs-heading.default\">\n\t\t\t\t<div class=\"elementor-widget-container\">\n\t\t\t\n\t\t<div class=\"prelements-heading style1  center\">\n\t\t\t<div class=\"title-inner\">\n\t\t\t\t<h2 class=\"title rs-split-text-disable \">Formul\u00e1rio Online<\/h2>\n\t\t\t<\/div>\n\t\t\t\t\t<\/div>\n\t\t<\/div>\n\t\t\t\t<\/div>\n\t\t\r\n\t\t\t\t<div class=\"elementor-element elementor-element-c99acaa elementor-widget elementor-widget-rs-cf7\" data-id=\"c99acaa\" data-element_type=\"widget\" data-widget_type=\"rs-cf7.default\">\n\t\t\t\t<div class=\"elementor-widget-container\">\n\t\t\t\n<div class=\"wpcf7 no-js\" id=\"wpcf7-f15071-o1\" lang=\"en-US\" dir=\"ltr\">\n<div class=\"screen-reader-response\"><p role=\"status\" aria-live=\"polite\" aria-atomic=\"true\"><\/p> <ul><\/ul><\/div>\n<form action=\"\/index.php\/wp-json\/wp\/v2\/pages\/33#wpcf7-f15071-o1\" method=\"post\" class=\"wpcf7-form init\" aria-label=\"Contact form\" novalidate=\"novalidate\" data-status=\"init\">\n<div style=\"display: none;\">\n<input type=\"hidden\" name=\"_wpcf7\" value=\"15071\" \/>\n<input type=\"hidden\" name=\"_wpcf7_version\" value=\"5.9.5\" \/>\n<input type=\"hidden\" name=\"_wpcf7_locale\" value=\"en_US\" \/>\n<input type=\"hidden\" name=\"_wpcf7_unit_tag\" value=\"wpcf7-f15071-o1\" \/>\n<input type=\"hidden\" name=\"_wpcf7_container_post\" value=\"0\" \/>\n<input type=\"hidden\" name=\"_wpcf7_posted_data_hash\" value=\"\" \/>\n<\/div>\n<div class=\"row\">\n\t<div class=\"col-md-4\">\n\t\t<p><span class=\"wpcf7-form-control-wrap\" data-name=\"your-name\"><input size=\"40\" class=\"wpcf7-form-control wpcf7-text\" aria-invalid=\"false\" placeholder=\"Nome completo\" value=\"\" type=\"text\" name=\"your-name\" \/><\/span>\n\t\t<\/p>\n\t<\/div>\n\t<div class=\"col-md-4\">\n\t\t<p><span class=\"wpcf7-form-control-wrap\" data-name=\"your-email\"><input size=\"40\" class=\"wpcf7-form-control wpcf7-email wpcf7-text wpcf7-validates-as-email\" aria-invalid=\"false\" placeholder=\"E-mail\" value=\"\" type=\"email\" name=\"your-email\" \/><\/span>\n\t\t<\/p>\n\t<\/div>\n\t<div class=\"col-md-4\">\n\t\t<p><span class=\"wpcf7-form-control-wrap\" data-name=\"phone-number\"><input size=\"40\" class=\"wpcf7-form-control wpcf7-text\" aria-invalid=\"false\" placeholder=\"Telefone\" value=\"\" type=\"text\" name=\"phone-number\" \/><\/span>\n\t\t<\/p>\n\t<\/div>\n\t<div class=\"col-12\">\n\t\t<p><span class=\"wpcf7-form-control-wrap\" data-name=\"your-message\"><textarea cols=\"40\" rows=\"10\" class=\"wpcf7-form-control wpcf7-textarea\" aria-invalid=\"false\" placeholder=\"Corpo da mensagem...\" name=\"your-message\"><\/textarea><\/span>\n\t\t<\/p>\n\t\t<div class=\"form-btn-area\">\n\t\t\t<p><input class=\"wpcf7-form-control wpcf7-submit has-spinner\" type=\"submit\" value=\"Enviar mensagem\" \/><br \/>\n<svg xmlns=\"http:\/\/www.w3.org\/2000\/svg\" width=\"18\" height=\"12\" viewBox=\"0 0 18 12\" fill=\"none\"><path fill-rule=\"evenodd\" clip-rule=\"evenodd\" d=\"M0 6C0 5.66249 0.273604 5.38889 0.611111 5.38889L15.0246 5.38889L11.179 1.54323C10.9403 1.30458 10.9403 0.917644 11.179 0.67899C11.4176 0.440336 11.8046 0.440336 12.0432 0.67899L16.9321 5.56788C17.1708 5.80653 17.1708 6.19347 16.9321 6.43212L12.0432 11.321C11.8046 11.5597 11.4176 11.5597 11.179 11.321C10.9403 11.0824 10.9403 10.6954 11.179 10.4568L15.0246 6.61111L0.611111 6.61111C0.273604 6.61111 0 6.33751 0 6Z\" fill=\"#616161\"><\/path><\/svg>\n\t\t\t<\/p>\n\t\t<\/div>\n\t<\/div>\n<\/div><div class=\"wpcf7-response-output\" aria-hidden=\"true\"><\/div>\n<\/form>\n<\/div>\n\t\t<\/div>\n\t\t\t\t<\/div>\n\t\t\t\t\t<\/div>\n\t\t\t\t<\/div>\n\t\t\t\t\t<\/div>\n\t\t\t\t<\/div>\n\t\t\r\n\t\t<div class=\"default no-position show_shadow rs-sticky-default elementor-element elementor-element-4d0ffca e-flex e-con-boxed e-con e-parent\" data-id=\"4d0ffca\" data-element_type=\"container\">\n\t\t\t\t\t<div class=\"e-con-inner\">\n\t\t\t\t\t<\/div>\n\t\t\t\t<\/div>\n\t\t\t\t<\/div>\n\t\t","protected":false},"excerpt":{"rendered":"<p>Fale conosco Contato Como posso ajudar? Para enviar sua mensagem, por favor, preencha os campos abaixo. Aten\u00e7\u00e3o! Campos marcados com * s\u00e3o requeridos. Bol\u00edvia Torre Ametrino: Av Ballivian # 526 entre calle 11 y 12 , piso 11, c1102 &#8211; Barrio Calacoto\u00a0&#8211;\u00a0Bol\u00edvia Bol\u00edvia Torre Ametrino: Av Ballivian # 526 entre calle 11 y 12 ,&#8230;<\/p>\n","protected":false},"author":1,"featured_media":0,"parent":0,"menu_order":0,"comment_status":"closed","ping_status":"open","template":"elementor_header_footer","meta":{"footnotes":""},"_links":{"self":[{"href":"https:\/\/nisusmetals.com.br\/index.php\/wp-json\/wp\/v2\/pages\/33"}],"collection":[{"href":"https:\/\/nisusmetals.com.br\/index.php\/wp-json\/wp\/v2\/pages"}],"about":[{"href":"https:\/\/nisusmetals.com.br\/index.php\/wp-json\/wp\/v2\/types\/page"}],"author":[{"embeddable":true,"href":"https:\/\/nisusmetals.com.br\/index.php\/wp-json\/wp\/v2\/users\/1"}],"replies":[{"embeddable":true,"href":"https:\/\/nisusmetals.com.br\/index.php\/wp-json\/wp\/v2\/comments?post=33"}],"version-history":[{"count":68,"href":"https:\/\/nisusmetals.com.br\/index.php\/wp-json\/wp\/v2\/pages\/33\/revisions"}],"predecessor-version":[{"id":30805,"href":"https:\/\/nisusmetals.com.br\/index.php\/wp-json\/wp\/v2\/pages\/33\/revisions\/30805"}],"wp:attachment":[{"href":"https:\/\/nisusmetals.com.br\/index.php\/wp-json\/wp\/v2\/media?parent=33"}],"curies":[{"name":"wp","href":"https:\/\/api.w.org\/{rel}","templated":true}]}}