{"id":15257,"date":"2024-02-14T11:02:34","date_gmt":"2024-02-14T11:02:34","guid":{"rendered":"http:\/\/192.168.0.134:10115\/contact-copy\/"},"modified":"2024-05-27T07:52:02","modified_gmt":"2024-05-27T10:52:02","slug":"contato","status":"publish","type":"page","link":"https:\/\/nisusmetals.com.br\/index.php\/contato\/","title":{"rendered":"Contact"},"content":{"rendered":"\t\t<div data-elementor-type=\"wp-page\" data-elementor-id=\"15257\" class=\"elementor elementor-15257\">\n\t\t\t\t\r\n\t\t<div class=\"default no-position show_shadow rs-sticky-default elementor-element elementor-element-97a3984 e-flex e-con-boxed e-con e-parent\" data-id=\"97a3984\" data-element_type=\"container\">\n\t\t\t\t\t<div class=\"e-con-inner\">\n\t\t\r\n\t\t\t\t<div class=\"elementor-element elementor-element-097d471 elementor-widget elementor-widget-rs-heading\" data-id=\"097d471\" data-element_type=\"widget\" data-widget_type=\"rs-heading.default\">\n\t\t\t\t<div class=\"elementor-widget-container\">\n\t\t\t\n\t\t<div class=\"prelements-heading style1  center\">\n\t\t\t<div class=\"title-inner\">\n\t\t\t\t\t\t\t\t\t<span class=\"sub-text\">\n\t\t\t\t\t\t\t\t\t\t\t\tFale conosco\t\t\t\t\t<\/span>\n\t\t\t\t<h2 class=\"title rs-split-text-disable \">Contato<\/h2>\n\t\t\t<\/div>\n\t\t\t\t\t\t\t<div class=\"description\">\n\t\t\t\t\t<p>Como posso ajudar? Para enviar sua mensagem, por favor, preencha os campos abaixo. Aten\u00e7\u00e3o! Campos marcados com * s\u00e3o requeridos.<\/p>\t\t\t\t<\/div>\n\t\t\t\t\t<\/div>\n\t\t<\/div>\n\t\t\t\t<\/div>\n\t\t\r\n\t\t\t\t<div class=\"elementor-element elementor-element-1dbfbde elementor-widget elementor-widget-rs-hotspot\" data-id=\"1dbfbde\" data-element_type=\"widget\" data-widget_type=\"rs-hotspot.default\">\n\t\t\t\t<div class=\"elementor-widget-container\">\n\t\t\t        <div class=\"rs-hotspots\">\n                            <img decoding=\"async\" src=\"https:\/\/industrie.rstheme.com\/construction\/wp-content\/uploads\/2024\/02\/location-map.png\" alt=\"image\">\n                        \n                <div class=\"desktop_item elementor-repeater-item-16fc938\">\n                \t<div class=\"rs-hotspot-item hotspot__1\">\n                \t    <div  class=\"rs-hots-figure\">                            \n                                                        \n                                                                    <div class=\"pre-title\">\n                                        <h4 class=\"title\"> Bol\u00edvia <\/h4>                                    \n                                    <\/div>\n                                                            \n                \t        <!-- Start Description -->\n                                                \t                    \t            \n                \t                <div class=\"hotspot-desc\">\n                \t                    <p class=\"description\"> Torre Ametrino:\n\nAv Ballivian # 526 entre calle 11 y 12 , piso 11, c1102 - Barrio Calacoto\u00a0-\u00a0Bol\u00edvia<\/p>\n                \t                <\/div>            \t            \n                    \t                                                    \t        <!-- End Description -->\n                \t    <\/div>\n                        <div class=\"pre-circle-ripple\"><\/div>\n                \t<\/div>\n                <\/div>\n                \n                <div class=\"mobile_item elementor-repeater-item-16fc938\">\n                    <i class=\"remove-icon ri-close-line\"><\/i>\n                                                \n                                                    <div class=\"pre-title\">\n                                <h4 class=\"title\"> Bol\u00edvia <\/h4>                                    \n                            <\/div>\n                                                                                                    \t            \n                            <div class=\"hotspot-desc\">\n                                <p class=\"description\"> Torre Ametrino:\n\nAv Ballivian # 526 entre calle 11 y 12 , piso 11, c1102 - Barrio Calacoto\u00a0-\u00a0Bol\u00edvia<\/p>\n                            <\/div>            \t            \n                                                            <\/div>\n            \n                <div class=\"desktop_item elementor-repeater-item-bf539ad\">\n                \t<div class=\"rs-hotspot-item hotspot__2\">\n                \t    <div  class=\"rs-hots-figure\">                            \n                                                        \n                                                                    <div class=\"pre-title\">\n                                        <h4 class=\"title\"> S\u00e3o Paulo <\/h4>                                    \n                                    <\/div>\n                                                            \n                \t        <!-- Start Description -->\n                                                \t                    \t            \n                \t                <div class=\"hotspot-desc\">\n                \t                    <p class=\"description\"> Rua Volunt\u00e1rios da P\u00e1tria, 2.041 Conj. 605 \u2013 Santana \u2013 CEP 02011-500\nS\u00e3o Paulo \u2013 SP \u2013 Brasil<\/p>\n                \t                <\/div>            \t            \n                    \t                                                    \t        <!-- End Description -->\n                \t    <\/div>\n                        <div class=\"pre-circle-ripple\"><\/div>\n                \t<\/div>\n                <\/div>\n                \n                <div class=\"mobile_item elementor-repeater-item-bf539ad\">\n                    <i class=\"remove-icon ri-close-line\"><\/i>\n                                                \n                                                    <div class=\"pre-title\">\n                                <h4 class=\"title\"> S\u00e3o Paulo <\/h4>                                    \n                            <\/div>\n                                                                                                    \t            \n                            <div class=\"hotspot-desc\">\n                                <p class=\"description\"> Rua Volunt\u00e1rios da P\u00e1tria, 2.041 Conj. 605 \u2013 Santana \u2013 CEP 02011-500\nS\u00e3o Paulo \u2013 SP \u2013 Brasil<\/p>\n                            <\/div>            \t            \n                                                            <\/div>\n             \n        <\/div>\n\n        <script>\n            jQuery(document).ready(function() {\n                jQuery('.desktop_item').each(function(index) {\n                    var uniqueClass = 'desktop_item-' + index;\n                    jQuery(this).addClass(uniqueClass);\n                    var parentHotspots = jQuery(this).closest('.rs-hotspots');\n                    var targetMobileItem = parentHotspots.find('.mobile_item').eq(index);\n                    jQuery(this).click(function() {\n                        if (targetMobileItem.hasClass('active')) {\n                            targetMobileItem.removeClass('active');\n                        } else {\n                            parentHotspots.find('.mobile_item.active').removeClass('active');\n                            targetMobileItem.addClass('active');\n                        }\n                    });\n                    parentHotspots.on('click', '.remove-icon', function(event) {\n                        event.stopPropagation();\n                        targetMobileItem.removeClass('active');\n                    });\n                });\n\n                \/\/ Ripple Class Switching\n                var switches = jQuery('.rs-hotspots .desktop_item');\n                var currentIndex = 0;\n                var interval;\n                var speed = 1500;\n\n                function startRotation() {\n                    interval = setInterval(function() {\n                        switches.eq(currentIndex).removeClass('ripple');\n                        currentIndex = (currentIndex + 1) % switches.length;\n                        switches.eq(currentIndex).addClass('ripple');\n                    }, speed);\n                }\n                function stopRotation() {\n                    clearInterval(interval);\n                    switches.eq(currentIndex).removeClass('ripple');\n                }\n                startRotation();\n                switches.hover(\n                    function() {\n                        stopRotation();\n                    },\n                    function() {\n                        startRotation();\n                    }\n                );\n            });\n        <\/script>\n\n\n    \t\t<\/div>\n\t\t\t\t<\/div>\n\t\t\t\t\t<\/div>\n\t\t\t\t<\/div>\n\t\t\r\n\t\t<div class=\"default no-position show_shadow rs-sticky-default elementor-element elementor-element-6ad8a94 e-flex e-con-boxed e-con e-parent\" data-id=\"6ad8a94\" data-element_type=\"container\">\n\t\t\t\t\t<div class=\"e-con-inner\">\n\t\t\r\n\t\t<div class=\"default no-position show_shadow rs-sticky-default elementor-element elementor-element-6e20d20 e-flex e-con-boxed e-con e-child\" data-id=\"6e20d20\" data-element_type=\"container\">\n\t\t\t\t\t<div class=\"e-con-inner\">\n\t\t\t\t\t<\/div>\n\t\t\t\t<\/div>\n\t\t\t\t\t<\/div>\n\t\t\t\t<\/div>\n\t\t\r\n\t\t<div class=\"default no-position show_shadow rs-sticky-default elementor-element elementor-element-ff018e4 e-con-full e-flex e-con e-child\" data-id=\"ff018e4\" data-element_type=\"container\">\n\t\t\r\n\t\t\t\t<div class=\"elementor-element elementor-element-cb030ce elementor-widget elementor-widget-rs-service-grid\" data-id=\"cb030ce\" data-element_type=\"widget\" data-widget_type=\"rs-service-grid.default\">\n\t\t\t\t<div class=\"elementor-widget-container\">\n\t\t\t\r\n\t\t<div class=\"rs-addon-services style3\">\r\n\t\t\t<div class=\"services-inner  box\">\r\n    \r\n    <div class=\"content_part\">\r\n                    <div class=\"media_wrap\">\r\n                                    \r\n                        <div class=\"icon_style media-cmn normal\">\r\n\r\n                            <svg xmlns=\"http:\/\/www.w3.org\/2000\/svg\" width=\"24\" height=\"24\" viewBox=\"0 0 24 24\" fill=\"none\"><path d=\"M22.3338 20.6286C23.0854 19.6211 23.6012 18.4577 23.8431 17.2242C24.085 15.9907 24.0468 14.7186 23.7314 13.5019C23.416 12.2851 22.8314 11.1547 22.0207 10.1941C21.21 9.23346 20.194 8.46713 19.0476 7.95164C18.7979 6.51497 18.224 5.15411 17.3695 3.97247C16.515 2.79083 15.4025 1.8195 14.1163 1.13228C12.8302 0.445066 11.4044 0.0600458 9.94712 0.00647694C8.48989 -0.047092 7.03962 0.232199 5.7065 0.82313C4.37338 1.41406 3.1925 2.30108 2.25358 3.41679C1.31465 4.53251 0.642389 5.84756 0.287871 7.26202C-0.0666478 8.67649 -0.0940951 10.1532 0.207615 11.5798C0.509324 13.0065 1.13225 14.3456 2.02907 15.4954L0.361996 17.1505C0.19558 17.3192 0.0828473 17.5333 0.0380233 17.766C-0.00680069 17.9987 0.0182925 18.2394 0.110137 18.4578C0.200111 18.6768 0.352903 18.8643 0.549258 18.9966C0.745613 19.129 0.976743 19.2002 1.21352 19.2014H8.03772C8.71732 20.6341 9.78879 21.8451 11.1281 22.6941C12.4674 23.5431 14.0198 23.9954 15.6055 23.9987H22.8015C23.0383 23.9975 23.2694 23.9263 23.4658 23.794C23.6621 23.6616 23.8149 23.4741 23.9049 23.2551C23.9967 23.0367 24.0218 22.796 23.977 22.5633C23.9322 22.3307 23.8194 22.1165 23.653 21.9478L22.3338 20.6286ZM7.21018 15.6034C7.21183 16.005 7.2439 16.4059 7.30613 16.8027H4.10391L4.52368 16.3949C4.63609 16.2834 4.72531 16.1508 4.7862 16.0047C4.84709 15.8585 4.87844 15.7017 4.87844 15.5434C4.87844 15.3851 4.84709 15.2283 4.7862 15.0822C4.72531 14.936 4.63609 14.8034 4.52368 14.6919C3.85152 14.0271 3.31865 13.235 2.95622 12.3619C2.59378 11.4887 2.40906 10.5521 2.41285 9.60672C2.41285 7.69823 3.171 5.8679 4.52051 4.51839C5.87002 3.16888 7.70035 2.41073 9.60884 2.41073C11.098 2.40178 12.5526 2.85974 13.768 3.72024C14.9835 4.58073 15.8987 5.8005 16.3851 7.20806C16.1212 7.20806 15.8694 7.20806 15.6055 7.20806C13.3789 7.20806 11.2435 8.09256 9.66911 9.66699C8.09469 11.2414 7.21018 13.3768 7.21018 15.6034ZM19.8511 21.6L19.9111 21.66H15.6055C14.2183 21.6575 12.8748 21.1742 11.804 20.2923C10.7332 19.4104 10.0012 18.1845 9.73285 16.8235C9.46447 15.4625 9.67626 14.0505 10.3321 12.8282C10.988 11.6058 12.0474 10.6486 13.3298 10.1197C14.6123 9.59076 16.0384 9.52283 17.3653 9.92746C18.6922 10.3321 19.8378 11.1842 20.6069 12.3387C21.376 13.4932 21.721 14.8787 21.5832 16.2591C21.4454 17.6394 20.8333 18.9293 19.8511 19.909C19.6252 20.1304 19.4958 20.4322 19.4913 20.7485C19.492 20.9072 19.5241 21.0642 19.5859 21.2103C19.6477 21.3565 19.7378 21.489 19.8511 21.6V21.6Z\" fill=\"#616161\"><\/path><\/svg>                        <\/div>\r\n\r\n                    \r\n                                                <\/div>\r\n        \r\n                    <div class=\"services-title\">\r\n                                    <h4 class=\"title\"> E-mail<\/h4>\r\n                            <\/div>\r\n        \r\n                    <div class=\"desc-text\">\r\n                comercial@nisusmetals\n.com.br\n            <\/div>\r\n        \r\n            <\/div>\r\n<\/div>\t\t<\/div>\r\n\r\n\t\t<\/div>\n\t\t\t\t<\/div>\n\t\t\t\t<\/div>\n\t\t\t\t<\/div>\n\t\t","protected":false},"excerpt":{"rendered":"<p>Fale conosco Contato Como posso ajudar? Para enviar sua mensagem, por favor, preencha os campos abaixo. Aten\u00e7\u00e3o! Campos marcados com * s\u00e3o requeridos. Bol\u00edvia Torre Ametrino: Av Ballivian # 526 entre calle 11 y 12 , piso 11, c1102 &#8211; Barrio Calacoto\u00a0&#8211;\u00a0Bol\u00edvia Bol\u00edvia Torre Ametrino: Av Ballivian # 526 entre calle 11 y 12 ,&#8230;<\/p>\n","protected":false},"author":1,"featured_media":0,"parent":0,"menu_order":0,"comment_status":"closed","ping_status":"closed","template":"elementor_header_footer","meta":{"footnotes":""},"_links":{"self":[{"href":"https:\/\/nisusmetals.com.br\/index.php\/wp-json\/wp\/v2\/pages\/15257"}],"collection":[{"href":"https:\/\/nisusmetals.com.br\/index.php\/wp-json\/wp\/v2\/pages"}],"about":[{"href":"https:\/\/nisusmetals.com.br\/index.php\/wp-json\/wp\/v2\/types\/page"}],"author":[{"embeddable":true,"href":"https:\/\/nisusmetals.com.br\/index.php\/wp-json\/wp\/v2\/users\/1"}],"replies":[{"embeddable":true,"href":"https:\/\/nisusmetals.com.br\/index.php\/wp-json\/wp\/v2\/comments?post=15257"}],"version-history":[{"count":13,"href":"https:\/\/nisusmetals.com.br\/index.php\/wp-json\/wp\/v2\/pages\/15257\/revisions"}],"predecessor-version":[{"id":30786,"href":"https:\/\/nisusmetals.com.br\/index.php\/wp-json\/wp\/v2\/pages\/15257\/revisions\/30786"}],"wp:attachment":[{"href":"https:\/\/nisusmetals.com.br\/index.php\/wp-json\/wp\/v2\/media?parent=15257"}],"curies":[{"name":"wp","href":"https:\/\/api.w.org\/{rel}","templated":true}]}}